{"id":2565,"date":"2026-02-28T02:38:57","date_gmt":"2026-02-28T02:38:57","guid":{"rendered":"https:\/\/nouhass.com\/?post_type=product&#038;p=2565"},"modified":"2026-02-28T02:38:58","modified_gmt":"2026-02-28T02:38:58","slug":"cheny","status":"publish","type":"product","link":"https:\/\/nouhass.com\/ar\/product\/cheny\/","title":{"rendered":"Ch\u00eany"},"content":{"rendered":"<p><strong data-start=\"150\" data-end=\"159\">Ch\u00e9ny<\/strong> est une lampe marocaine fa\u00e7onn\u00e9e \u00e0 la main, dont les motifs finement ajour\u00e9s diffusent une lumi\u00e8re chaleureuse et enveloppante.<br data-start=\"287\" data-end=\"290\" \/>Son design \u00e9lanc\u00e9 et ses rosaces circulaires sculpt\u00e9es cr\u00e9ent un jeu d\u2019ombres raffin\u00e9, r\u00e9v\u00e9lant tout le caract\u00e8re d\u2019un artisanat authentique.<\/p>","protected":false},"excerpt":{"rendered":"<p data-start=\"482\" data-end=\"589\"><strong data-start=\"482\" data-end=\"491\">Ch\u00e9ny<\/strong> \u2014 une lampe artisanale aux motifs d\u00e9licatement cisel\u00e9s, diffusant une lumi\u00e8re chaude et \u00e9l\u00e9gante.<\/p>","protected":false},"featured_media":2563,"comment_status":"open","ping_status":"closed","template":"","meta":{"_uag_custom_page_level_css":"","site-sidebar-layout":"default","site-content-layout":"","ast-site-content-layout":"default","site-content-style":"default","site-sidebar-style":"default","ast-global-header-display":"","ast-banner-title-visibility":"","ast-main-header-display":"","ast-hfb-above-header-display":"","ast-hfb-below-header-display":"","ast-hfb-mobile-header-display":"","site-post-title":"","ast-breadcrumbs-content":"","ast-featured-img":"","footer-sml-layout":"","theme-transparent-header-meta":"default","adv-header-id-meta":"","stick-header-meta":"","header-above-stick-meta":"","header-main-stick-meta":"","header-below-stick-meta":"","astra-migrate-meta-layouts":"set","ast-page-background-enabled":"default","ast-page-background-meta":{"desktop":{"background-color":"var(--ast-global-color-4)","background-image":"","background-repeat":"repeat","background-position":"center center","background-size":"auto","background-attachment":"scroll","background-type":"","background-media":"","overlay-type":"","overlay-color":"","overlay-opacity":"","overlay-gradient":""},"tablet":{"background-color":"","background-image":"","background-repeat":"repeat","background-position":"center center","background-size":"auto","background-attachment":"scroll","background-type":"","background-media":"","overlay-type":"","overlay-color":"","overlay-opacity":"","overlay-gradient":""},"mobile":{"background-color":"","background-image":"","background-repeat":"repeat","background-position":"center center","background-size":"auto","background-attachment":"scroll","background-type":"","background-media":"","overlay-type":"","overlay-color":"","overlay-opacity":"","overlay-gradient":""}},"ast-content-background-meta":{"desktop":{"background-color":"var(--ast-global-color-5)","background-image":"","background-repeat":"repeat","background-position":"center center","background-size":"auto","background-attachment":"scroll","background-type":"","background-media":"","overlay-type":"","overlay-color":"","overlay-opacity":"","overlay-gradient":""},"tablet":{"background-color":"var(--ast-global-color-5)","background-image":"","background-repeat":"repeat","background-position":"center center","background-size":"auto","background-attachment":"scroll","background-type":"","background-media":"","overlay-type":"","overlay-color":"","overlay-opacity":"","overlay-gradient":""},"mobile":{"background-color":"var(--ast-global-color-5)","background-image":"","background-repeat":"repeat","background-position":"center center","background-size":"auto","background-attachment":"scroll","background-type":"","background-media":"","overlay-type":"","overlay-color":"","overlay-opacity":"","overlay-gradient":""}}},"product_brand":[],"product_cat":[27,28],"product_tag":[],"class_list":{"0":"post-2565","1":"product","2":"type-product","3":"status-publish","4":"has-post-thumbnail","6":"product_cat-cuivre","7":"product_cat-lampe","8":"desktop-align-left","9":"tablet-align-left","10":"mobile-align-left","12":"first","13":"instock","14":"taxable","15":"shipping-taxable","16":"purchasable","17":"product-type-simple"},"uagb_featured_image_src":{"full":["https:\/\/nouhass.com\/wp-content\/uploads\/2026\/02\/Gemini_Generated_Image_2ybqk32ybqk32ybq-e1772245900280.png",1887,1887,false],"thumbnail":["https:\/\/nouhass.com\/wp-content\/uploads\/2026\/02\/Gemini_Generated_Image_2ybqk32ybqk32ybq-e1772245900280-150x150.png",150,150,true],"medium":["https:\/\/nouhass.com\/wp-content\/uploads\/2026\/02\/Gemini_Generated_Image_2ybqk32ybqk32ybq-e1772245900280-300x300.png",300,300,true],"medium_large":["https:\/\/nouhass.com\/wp-content\/uploads\/2026\/02\/Gemini_Generated_Image_2ybqk32ybqk32ybq-e1772245900280-768x768.png",768,768,true],"large":["https:\/\/nouhass.com\/wp-content\/uploads\/2026\/02\/Gemini_Generated_Image_2ybqk32ybqk32ybq-e1772245900280-1024x1024.png",1024,1024,true],"1536x1536":["https:\/\/nouhass.com\/wp-content\/uploads\/2026\/02\/Gemini_Generated_Image_2ybqk32ybqk32ybq-e1772245900280-1536x1536.png",1536,1536,true],"2048x2048":["https:\/\/nouhass.com\/wp-content\/uploads\/2026\/02\/Gemini_Generated_Image_2ybqk32ybqk32ybq-e1772245900280.png",1887,1887,false],"trp-custom-language-flag":["https:\/\/nouhass.com\/wp-content\/uploads\/2026\/02\/Gemini_Generated_Image_2ybqk32ybqk32ybq-e1772245900280-12x12.png",12,12,true],"woocommerce_thumbnail":["https:\/\/nouhass.com\/wp-content\/uploads\/2026\/02\/Gemini_Generated_Image_2ybqk32ybqk32ybq-e1772245900280-300x300.png",300,300,true],"woocommerce_single":["https:\/\/nouhass.com\/wp-content\/uploads\/2026\/02\/Gemini_Generated_Image_2ybqk32ybqk32ybq-e1772245900280-600x600.png",600,600,true],"woocommerce_gallery_thumbnail":["https:\/\/nouhass.com\/wp-content\/uploads\/2026\/02\/Gemini_Generated_Image_2ybqk32ybqk32ybq-e1772245900280-100x100.png",100,100,true]},"uagb_author_info":{"display_name":"Adnane ELABDELLAOUY","author_link":"https:\/\/nouhass.com\/ar\/author\/"},"uagb_comment_info":0,"uagb_excerpt":"Ch\u00e9ny \u2014 une lampe artisanale aux motifs d\u00e9licatement cisel\u00e9s, diffusant une lumi\u00e8re chaude et \u00e9l\u00e9gante.","_links":{"self":[{"href":"https:\/\/nouhass.com\/ar\/wp-json\/wp\/v2\/product\/2565"}],"collection":[{"href":"https:\/\/nouhass.com\/ar\/wp-json\/wp\/v2\/product"}],"about":[{"href":"https:\/\/nouhass.com\/ar\/wp-json\/wp\/v2\/types\/product"}],"replies":[{"embeddable":true,"href":"https:\/\/nouhass.com\/ar\/wp-json\/wp\/v2\/comments?post=2565"}],"wp:featuredmedia":[{"embeddable":true,"href":"https:\/\/nouhass.com\/ar\/wp-json\/wp\/v2\/media\/2563"}],"wp:attachment":[{"href":"https:\/\/nouhass.com\/ar\/wp-json\/wp\/v2\/media?parent=2565"}],"wp:term":[{"taxonomy":"product_brand","embeddable":true,"href":"https:\/\/nouhass.com\/ar\/wp-json\/wp\/v2\/product_brand?post=2565"},{"taxonomy":"product_cat","embeddable":true,"href":"https:\/\/nouhass.com\/ar\/wp-json\/wp\/v2\/product_cat?post=2565"},{"taxonomy":"product_tag","embeddable":true,"href":"https:\/\/nouhass.com\/ar\/wp-json\/wp\/v2\/product_tag?post=2565"}],"curies":[{"name":"wp","href":"https:\/\/api.w.org\/{rel}","templated":true}]}}