{"id":2561,"date":"2026-02-28T02:06:40","date_gmt":"2026-02-28T02:06:40","guid":{"rendered":"https:\/\/nouhass.com\/?post_type=product&#038;p=2561"},"modified":"2026-02-28T02:40:47","modified_gmt":"2026-02-28T02:40:47","slug":"chene","status":"publish","type":"product","link":"https:\/\/nouhass.com\/ar\/product\/chene\/","title":{"rendered":"Ch\u00eane"},"content":{"rendered":"<p data-start=\"0\" data-end=\"174\">Fa\u00e7onn\u00e9e \u00e0 la main dans les ateliers traditionnels de F\u00e8s, cette lampe associe une silhouette \u00e9lanc\u00e9e \u00e0 un m\u00e9tal finement cisel\u00e9 pour un rendu \u00e0 la fois \u00e9l\u00e9gant et structur\u00e9.<\/p>\n<p data-start=\"176\" data-end=\"290\">Ses motifs ajour\u00e9s diffusent une lumi\u00e8re dor\u00e9e et profonde, cr\u00e9ant des ombres harmonieuses qui subliment l\u2019espace.<\/p>\n<p data-start=\"292\" data-end=\"386\" data-is-last-node=\"\" data-is-only-node=\"\">Chaque pi\u00e8ce est unique, marqu\u00e9e par le geste pr\u00e9cis d\u2019un artisan au savoir-faire authentique.<\/p>","protected":false},"excerpt":{"rendered":"<p>CH\u00caNE est une lampe de caract\u00e8re, con\u00e7ue pour les int\u00e9rieurs en qu\u00eate d\u2019\u00e9quilibre, d\u2019\u00e9l\u00e9gance et d\u2019intemporalit\u00e9.<\/p>","protected":false},"featured_media":2558,"comment_status":"open","ping_status":"closed","template":"","meta":{"_uag_custom_page_level_css":"","site-sidebar-layout":"default","site-content-layout":"","ast-site-content-layout":"default","site-content-style":"default","site-sidebar-style":"default","ast-global-header-display":"","ast-banner-title-visibility":"","ast-main-header-display":"","ast-hfb-above-header-display":"","ast-hfb-below-header-display":"","ast-hfb-mobile-header-display":"","site-post-title":"","ast-breadcrumbs-content":"","ast-featured-img":"","footer-sml-layout":"","theme-transparent-header-meta":"default","adv-header-id-meta":"","stick-header-meta":"","header-above-stick-meta":"","header-main-stick-meta":"","header-below-stick-meta":"","astra-migrate-meta-layouts":"set","ast-page-background-enabled":"default","ast-page-background-meta":{"desktop":{"background-color":"var(--ast-global-color-4)","background-image":"","background-repeat":"repeat","background-position":"center center","background-size":"auto","background-attachment":"scroll","background-type":"","background-media":"","overlay-type":"","overlay-color":"","overlay-opacity":"","overlay-gradient":""},"tablet":{"background-color":"","background-image":"","background-repeat":"repeat","background-position":"center center","background-size":"auto","background-attachment":"scroll","background-type":"","background-media":"","overlay-type":"","overlay-color":"","overlay-opacity":"","overlay-gradient":""},"mobile":{"background-color":"","background-image":"","background-repeat":"repeat","background-position":"center center","background-size":"auto","background-attachment":"scroll","background-type":"","background-media":"","overlay-type":"","overlay-color":"","overlay-opacity":"","overlay-gradient":""}},"ast-content-background-meta":{"desktop":{"background-color":"var(--ast-global-color-5)","background-image":"","background-repeat":"repeat","background-position":"center center","background-size":"auto","background-attachment":"scroll","background-type":"","background-media":"","overlay-type":"","overlay-color":"","overlay-opacity":"","overlay-gradient":""},"tablet":{"background-color":"var(--ast-global-color-5)","background-image":"","background-repeat":"repeat","background-position":"center center","background-size":"auto","background-attachment":"scroll","background-type":"","background-media":"","overlay-type":"","overlay-color":"","overlay-opacity":"","overlay-gradient":""},"mobile":{"background-color":"var(--ast-global-color-5)","background-image":"","background-repeat":"repeat","background-position":"center center","background-size":"auto","background-attachment":"scroll","background-type":"","background-media":"","overlay-type":"","overlay-color":"","overlay-opacity":"","overlay-gradient":""}}},"product_brand":[],"product_cat":[27,28,15],"product_tag":[],"class_list":{"0":"post-2561","1":"product","2":"type-product","3":"status-publish","4":"has-post-thumbnail","6":"product_cat-cuivre","7":"product_cat-lampe","8":"product_cat-non-classe","9":"desktop-align-left","10":"tablet-align-left","11":"mobile-align-left","13":"first","14":"instock","15":"taxable","16":"shipping-taxable","17":"purchasable","18":"product-type-simple"},"uagb_featured_image_src":{"full":["https:\/\/nouhass.com\/wp-content\/uploads\/2026\/02\/Gemini_Generated_Image_oh93buoh93buoh93-e1772243912334.png",1890,1890,false],"thumbnail":["https:\/\/nouhass.com\/wp-content\/uploads\/2026\/02\/Gemini_Generated_Image_oh93buoh93buoh93-e1772243912334-150x150.png",150,150,true],"medium":["https:\/\/nouhass.com\/wp-content\/uploads\/2026\/02\/Gemini_Generated_Image_oh93buoh93buoh93-e1772243912334-300x300.png",300,300,true],"medium_large":["https:\/\/nouhass.com\/wp-content\/uploads\/2026\/02\/Gemini_Generated_Image_oh93buoh93buoh93-e1772243912334-768x768.png",768,768,true],"large":["https:\/\/nouhass.com\/wp-content\/uploads\/2026\/02\/Gemini_Generated_Image_oh93buoh93buoh93-e1772243912334-1024x1024.png",1024,1024,true],"1536x1536":["https:\/\/nouhass.com\/wp-content\/uploads\/2026\/02\/Gemini_Generated_Image_oh93buoh93buoh93-e1772243912334-1536x1536.png",1536,1536,true],"2048x2048":["https:\/\/nouhass.com\/wp-content\/uploads\/2026\/02\/Gemini_Generated_Image_oh93buoh93buoh93-e1772243912334.png",1890,1890,false],"trp-custom-language-flag":["https:\/\/nouhass.com\/wp-content\/uploads\/2026\/02\/Gemini_Generated_Image_oh93buoh93buoh93-e1772243912334-12x12.png",12,12,true],"woocommerce_thumbnail":["https:\/\/nouhass.com\/wp-content\/uploads\/2026\/02\/Gemini_Generated_Image_oh93buoh93buoh93-e1772243912334-300x300.png",300,300,true],"woocommerce_single":["https:\/\/nouhass.com\/wp-content\/uploads\/2026\/02\/Gemini_Generated_Image_oh93buoh93buoh93-e1772243912334-600x600.png",600,600,true],"woocommerce_gallery_thumbnail":["https:\/\/nouhass.com\/wp-content\/uploads\/2026\/02\/Gemini_Generated_Image_oh93buoh93buoh93-e1772243912334-100x100.png",100,100,true]},"uagb_author_info":{"display_name":"Adnane ELABDELLAOUY","author_link":"https:\/\/nouhass.com\/ar\/author\/"},"uagb_comment_info":0,"uagb_excerpt":"CH\u00caNE est une lampe de caract\u00e8re, con\u00e7ue pour les int\u00e9rieurs en qu\u00eate d\u2019\u00e9quilibre, d\u2019\u00e9l\u00e9gance et d\u2019intemporalit\u00e9.","_links":{"self":[{"href":"https:\/\/nouhass.com\/ar\/wp-json\/wp\/v2\/product\/2561"}],"collection":[{"href":"https:\/\/nouhass.com\/ar\/wp-json\/wp\/v2\/product"}],"about":[{"href":"https:\/\/nouhass.com\/ar\/wp-json\/wp\/v2\/types\/product"}],"replies":[{"embeddable":true,"href":"https:\/\/nouhass.com\/ar\/wp-json\/wp\/v2\/comments?post=2561"}],"wp:featuredmedia":[{"embeddable":true,"href":"https:\/\/nouhass.com\/ar\/wp-json\/wp\/v2\/media\/2558"}],"wp:attachment":[{"href":"https:\/\/nouhass.com\/ar\/wp-json\/wp\/v2\/media?parent=2561"}],"wp:term":[{"taxonomy":"product_brand","embeddable":true,"href":"https:\/\/nouhass.com\/ar\/wp-json\/wp\/v2\/product_brand?post=2561"},{"taxonomy":"product_cat","embeddable":true,"href":"https:\/\/nouhass.com\/ar\/wp-json\/wp\/v2\/product_cat?post=2561"},{"taxonomy":"product_tag","embeddable":true,"href":"https:\/\/nouhass.com\/ar\/wp-json\/wp\/v2\/product_tag?post=2561"}],"curies":[{"name":"wp","href":"https:\/\/api.w.org\/{rel}","templated":true}]}}