{"id":2547,"date":"2026-02-27T01:26:13","date_gmt":"2026-02-27T01:26:13","guid":{"rendered":"https:\/\/nouhass.com\/?post_type=product&#038;p=2547"},"modified":"2026-02-28T01:56:06","modified_gmt":"2026-02-28T01:56:06","slug":"square","status":"publish","type":"product","link":"https:\/\/nouhass.com\/ar\/product\/square\/","title":{"rendered":"SQUARE"},"content":{"rendered":"<p data-start=\"629\" data-end=\"878\">Fa\u00e7onn\u00e9e \u00e0 la main dans les ateliers traditionnels de <strong data-start=\"758\" data-end=\"765\">F\u00e8s<\/strong>, elle associe une silhouette \u00e9lanc\u00e9e \u00e0 un m\u00e9tal finement cisel\u00e9, r\u00e9v\u00e9lant un design \u00e0 la fois solide et raffin\u00e9.<\/p>\n<p data-start=\"880\" data-end=\"1168\">Ses motifs circulaires ajour\u00e9s laissent filtrer une <strong data-start=\"932\" data-end=\"973\">lumi\u00e8re dor\u00e9e, structur\u00e9e et profonde<\/strong>, projetant des ombres \u00e9quilibr\u00e9es qui donnent du relief \u00e0 l\u2019espace sans l\u2019alourdir.<br data-start=\"1057\" data-end=\"1060\" \/>Chaque pi\u00e8ce porte les marques subtiles du travail manuel, signature d\u2019un artisanat authentique et exigeant.<\/p>\n<p data-start=\"1170\" data-end=\"1290\">","protected":false},"excerpt":{"rendered":"<p><strong>SQUARE<\/strong> est une lampe de caract\u00e8re, pens\u00e9e pour les int\u00e9rieurs qui recherchent <strong data-start=\"1249\" data-end=\"1289\">stabilit\u00e9, \u00e9l\u00e9gance et intemporalit\u00e9<\/strong>.<\/p>","protected":false},"featured_media":2551,"comment_status":"open","ping_status":"closed","template":"","meta":{"_uag_custom_page_level_css":"","site-sidebar-layout":"default","site-content-layout":"","ast-site-content-layout":"default","site-content-style":"default","site-sidebar-style":"default","ast-global-header-display":"","ast-banner-title-visibility":"","ast-main-header-display":"","ast-hfb-above-header-display":"","ast-hfb-below-header-display":"","ast-hfb-mobile-header-display":"","site-post-title":"","ast-breadcrumbs-content":"","ast-featured-img":"","footer-sml-layout":"","theme-transparent-header-meta":"default","adv-header-id-meta":"","stick-header-meta":"","header-above-stick-meta":"","header-main-stick-meta":"","header-below-stick-meta":"","astra-migrate-meta-layouts":"set","ast-page-background-enabled":"default","ast-page-background-meta":{"desktop":{"background-color":"var(--ast-global-color-4)","background-image":"","background-repeat":"repeat","background-position":"center center","background-size":"auto","background-attachment":"scroll","background-type":"","background-media":"","overlay-type":"","overlay-color":"","overlay-opacity":"","overlay-gradient":""},"tablet":{"background-color":"","background-image":"","background-repeat":"repeat","background-position":"center center","background-size":"auto","background-attachment":"scroll","background-type":"","background-media":"","overlay-type":"","overlay-color":"","overlay-opacity":"","overlay-gradient":""},"mobile":{"background-color":"","background-image":"","background-repeat":"repeat","background-position":"center center","background-size":"auto","background-attachment":"scroll","background-type":"","background-media":"","overlay-type":"","overlay-color":"","overlay-opacity":"","overlay-gradient":""}},"ast-content-background-meta":{"desktop":{"background-color":"var(--ast-global-color-5)","background-image":"","background-repeat":"repeat","background-position":"center center","background-size":"auto","background-attachment":"scroll","background-type":"","background-media":"","overlay-type":"","overlay-color":"","overlay-opacity":"","overlay-gradient":""},"tablet":{"background-color":"var(--ast-global-color-5)","background-image":"","background-repeat":"repeat","background-position":"center center","background-size":"auto","background-attachment":"scroll","background-type":"","background-media":"","overlay-type":"","overlay-color":"","overlay-opacity":"","overlay-gradient":""},"mobile":{"background-color":"var(--ast-global-color-5)","background-image":"","background-repeat":"repeat","background-position":"center center","background-size":"auto","background-attachment":"scroll","background-type":"","background-media":"","overlay-type":"","overlay-color":"","overlay-opacity":"","overlay-gradient":""}}},"product_brand":[],"product_cat":[27,28],"product_tag":[],"class_list":{"0":"post-2547","1":"product","2":"type-product","3":"status-publish","4":"has-post-thumbnail","6":"product_cat-cuivre","7":"product_cat-lampe","8":"desktop-align-left","9":"tablet-align-left","10":"mobile-align-left","12":"first","13":"instock","14":"taxable","15":"shipping-taxable","16":"purchasable","17":"product-type-simple"},"uagb_featured_image_src":{"full":["https:\/\/nouhass.com\/wp-content\/uploads\/2026\/01\/WhatsApp-Image-2026-02-27-at-01.21.38-e1772155415899.jpeg",864,1014,false],"thumbnail":["https:\/\/nouhass.com\/wp-content\/uploads\/2026\/01\/WhatsApp-Image-2026-02-27-at-01.21.38-e1772155415899-150x150.jpeg",150,150,true],"medium":["https:\/\/nouhass.com\/wp-content\/uploads\/2026\/01\/WhatsApp-Image-2026-02-27-at-01.21.38-e1772155415899-256x300.jpeg",256,300,true],"medium_large":["https:\/\/nouhass.com\/wp-content\/uploads\/2026\/01\/WhatsApp-Image-2026-02-27-at-01.21.38-e1772155415899-768x901.jpeg",768,901,true],"large":["https:\/\/nouhass.com\/wp-content\/uploads\/2026\/01\/WhatsApp-Image-2026-02-27-at-01.21.38-747x1024.jpeg",747,1024,true],"1536x1536":["https:\/\/nouhass.com\/wp-content\/uploads\/2026\/01\/WhatsApp-Image-2026-02-27-at-01.21.38-e1772155415899.jpeg",864,1014,false],"2048x2048":["https:\/\/nouhass.com\/wp-content\/uploads\/2026\/01\/WhatsApp-Image-2026-02-27-at-01.21.38-e1772155415899.jpeg",864,1014,false],"trp-custom-language-flag":["https:\/\/nouhass.com\/wp-content\/uploads\/2026\/01\/WhatsApp-Image-2026-02-27-at-01.21.38-e1772155415899-10x12.jpeg",10,12,true],"woocommerce_thumbnail":["https:\/\/nouhass.com\/wp-content\/uploads\/2026\/01\/WhatsApp-Image-2026-02-27-at-01.21.38-e1772155415899-300x300.jpeg",300,300,true],"woocommerce_single":["https:\/\/nouhass.com\/wp-content\/uploads\/2026\/01\/WhatsApp-Image-2026-02-27-at-01.21.38-e1772155415899-600x704.jpeg",600,704,true],"woocommerce_gallery_thumbnail":["https:\/\/nouhass.com\/wp-content\/uploads\/2026\/01\/WhatsApp-Image-2026-02-27-at-01.21.38-e1772155415899-100x100.jpeg",100,100,true]},"uagb_author_info":{"display_name":"Adnane ELABDELLAOUY","author_link":"https:\/\/nouhass.com\/ar\/author\/"},"uagb_comment_info":0,"uagb_excerpt":"SQUARE est une lampe de caract\u00e8re, pens\u00e9e pour les int\u00e9rieurs qui recherchent stabilit\u00e9, \u00e9l\u00e9gance et intemporalit\u00e9.","_links":{"self":[{"href":"https:\/\/nouhass.com\/ar\/wp-json\/wp\/v2\/product\/2547"}],"collection":[{"href":"https:\/\/nouhass.com\/ar\/wp-json\/wp\/v2\/product"}],"about":[{"href":"https:\/\/nouhass.com\/ar\/wp-json\/wp\/v2\/types\/product"}],"replies":[{"embeddable":true,"href":"https:\/\/nouhass.com\/ar\/wp-json\/wp\/v2\/comments?post=2547"}],"wp:featuredmedia":[{"embeddable":true,"href":"https:\/\/nouhass.com\/ar\/wp-json\/wp\/v2\/media\/2551"}],"wp:attachment":[{"href":"https:\/\/nouhass.com\/ar\/wp-json\/wp\/v2\/media?parent=2547"}],"wp:term":[{"taxonomy":"product_brand","embeddable":true,"href":"https:\/\/nouhass.com\/ar\/wp-json\/wp\/v2\/product_brand?post=2547"},{"taxonomy":"product_cat","embeddable":true,"href":"https:\/\/nouhass.com\/ar\/wp-json\/wp\/v2\/product_cat?post=2547"},{"taxonomy":"product_tag","embeddable":true,"href":"https:\/\/nouhass.com\/ar\/wp-json\/wp\/v2\/product_tag?post=2547"}],"curies":[{"name":"wp","href":"https:\/\/api.w.org\/{rel}","templated":true}]}}