{"id":2538,"date":"2026-01-13T16:47:59","date_gmt":"2026-01-13T15:47:59","guid":{"rendered":"https:\/\/nouhass.com\/?post_type=product&#038;p=2538"},"modified":"2026-03-01T00:39:50","modified_gmt":"2026-03-01T00:39:50","slug":"lampe-murale-oak","status":"publish","type":"product","link":"https:\/\/nouhass.com\/ar\/product\/lampe-murale-oak\/","title":{"rendered":"lampe murale OAK"},"content":{"rendered":"<p data-start=\"629\" data-end=\"878\">La lampe murale <strong data-start=\"645\" data-end=\"652\">OAK<\/strong> s\u2019inspire de la force calme et durable du ch\u00eane.<br data-start=\"701\" data-end=\"704\" \/>Fa\u00e7onn\u00e9e \u00e0 la main dans les ateliers traditionnels de <strong data-start=\"758\" data-end=\"765\">F\u00e8s<\/strong>, elle associe une silhouette \u00e9lanc\u00e9e \u00e0 un m\u00e9tal finement cisel\u00e9, r\u00e9v\u00e9lant un design \u00e0 la fois solide et raffin\u00e9.<\/p>\n<p data-start=\"880\" data-end=\"1168\">Ses motifs circulaires ajour\u00e9s laissent filtrer une <strong data-start=\"932\" data-end=\"973\">lumi\u00e8re dor\u00e9e, structur\u00e9e et profonde<\/strong>, projetant des ombres \u00e9quilibr\u00e9es qui donnent du relief \u00e0 l\u2019espace sans l\u2019alourdir.<br data-start=\"1057\" data-end=\"1060\" \/>Chaque pi\u00e8ce porte les marques subtiles du travail manuel, signature d\u2019un artisanat authentique et exigeant.<\/p>\n<p data-start=\"1170\" data-end=\"1290\"><strong data-start=\"1170\" data-end=\"1177\">OAK<\/strong> est une lampe de caract\u00e8re, pens\u00e9e pour les int\u00e9rieurs qui recherchent <strong data-start=\"1249\" data-end=\"1289\">stabilit\u00e9, \u00e9l\u00e9gance et intemporalit\u00e9<\/strong>.<\/p>","protected":false},"excerpt":{"rendered":"<p><strong data-start=\"218\" data-end=\"238\">Lampe murale OAK<\/strong>, lampe marocaine artisanale fabriqu\u00e9e \u00e0 la main \u00e0 <strong data-start=\"289\" data-end=\"303\">F\u00e8s, Maroc<\/strong>.<\/p>","protected":false},"featured_media":2567,"comment_status":"open","ping_status":"closed","template":"","meta":{"_uag_custom_page_level_css":"","site-sidebar-layout":"default","site-content-layout":"","ast-site-content-layout":"default","site-content-style":"default","site-sidebar-style":"default","ast-global-header-display":"","ast-banner-title-visibility":"","ast-main-header-display":"","ast-hfb-above-header-display":"","ast-hfb-below-header-display":"","ast-hfb-mobile-header-display":"","site-post-title":"","ast-breadcrumbs-content":"","ast-featured-img":"","footer-sml-layout":"","theme-transparent-header-meta":"default","adv-header-id-meta":"","stick-header-meta":"","header-above-stick-meta":"","header-main-stick-meta":"","header-below-stick-meta":"","astra-migrate-meta-layouts":"set","ast-page-background-enabled":"default","ast-page-background-meta":{"desktop":{"background-color":"var(--ast-global-color-4)","background-image":"","background-repeat":"repeat","background-position":"center center","background-size":"auto","background-attachment":"scroll","background-type":"","background-media":"","overlay-type":"","overlay-color":"","overlay-opacity":"","overlay-gradient":""},"tablet":{"background-color":"","background-image":"","background-repeat":"repeat","background-position":"center center","background-size":"auto","background-attachment":"scroll","background-type":"","background-media":"","overlay-type":"","overlay-color":"","overlay-opacity":"","overlay-gradient":""},"mobile":{"background-color":"","background-image":"","background-repeat":"repeat","background-position":"center center","background-size":"auto","background-attachment":"scroll","background-type":"","background-media":"","overlay-type":"","overlay-color":"","overlay-opacity":"","overlay-gradient":""}},"ast-content-background-meta":{"desktop":{"background-color":"var(--ast-global-color-5)","background-image":"","background-repeat":"repeat","background-position":"center center","background-size":"auto","background-attachment":"scroll","background-type":"","background-media":"","overlay-type":"","overlay-color":"","overlay-opacity":"","overlay-gradient":""},"tablet":{"background-color":"var(--ast-global-color-5)","background-image":"","background-repeat":"repeat","background-position":"center center","background-size":"auto","background-attachment":"scroll","background-type":"","background-media":"","overlay-type":"","overlay-color":"","overlay-opacity":"","overlay-gradient":""},"mobile":{"background-color":"var(--ast-global-color-5)","background-image":"","background-repeat":"repeat","background-position":"center center","background-size":"auto","background-attachment":"scroll","background-type":"","background-media":"","overlay-type":"","overlay-color":"","overlay-opacity":"","overlay-gradient":""}}},"product_brand":[],"product_cat":[27,28],"product_tag":[],"class_list":{"0":"post-2538","1":"product","2":"type-product","3":"status-publish","4":"has-post-thumbnail","6":"product_cat-cuivre","7":"product_cat-lampe","8":"desktop-align-left","9":"tablet-align-left","10":"mobile-align-left","12":"first","13":"instock","14":"taxable","15":"shipping-taxable","16":"purchasable","17":"product-type-simple"},"uagb_featured_image_src":{"full":["https:\/\/nouhass.com\/wp-content\/uploads\/2026\/01\/Gemini_Generated_Image_2ql2w92ql2w92ql2-e1772325154859.png",1792,2148,false],"thumbnail":["https:\/\/nouhass.com\/wp-content\/uploads\/2026\/01\/Gemini_Generated_Image_2ql2w92ql2w92ql2-e1772325154859-150x150.png",150,150,true],"medium":["https:\/\/nouhass.com\/wp-content\/uploads\/2026\/01\/Gemini_Generated_Image_2ql2w92ql2w92ql2-e1772325154859-250x300.png",250,300,true],"medium_large":["https:\/\/nouhass.com\/wp-content\/uploads\/2026\/01\/Gemini_Generated_Image_2ql2w92ql2w92ql2-e1772325154859-768x921.png",768,921,true],"large":["https:\/\/nouhass.com\/wp-content\/uploads\/2026\/01\/Gemini_Generated_Image_2ql2w92ql2w92ql2-e1772325154859-854x1024.png",854,1024,true],"1536x1536":["https:\/\/nouhass.com\/wp-content\/uploads\/2026\/01\/Gemini_Generated_Image_2ql2w92ql2w92ql2-e1772325154859-1281x1536.png",1281,1536,true],"2048x2048":["https:\/\/nouhass.com\/wp-content\/uploads\/2026\/01\/Gemini_Generated_Image_2ql2w92ql2w92ql2-e1772325154859-1709x2048.png",1709,2048,true],"trp-custom-language-flag":["https:\/\/nouhass.com\/wp-content\/uploads\/2026\/01\/Gemini_Generated_Image_2ql2w92ql2w92ql2-e1772325154859-10x12.png",10,12,true],"woocommerce_thumbnail":["https:\/\/nouhass.com\/wp-content\/uploads\/2026\/01\/Gemini_Generated_Image_2ql2w92ql2w92ql2-e1772325154859-300x300.png",300,300,true],"woocommerce_single":["https:\/\/nouhass.com\/wp-content\/uploads\/2026\/01\/Gemini_Generated_Image_2ql2w92ql2w92ql2-e1772325154859-600x719.png",600,719,true],"woocommerce_gallery_thumbnail":["https:\/\/nouhass.com\/wp-content\/uploads\/2026\/01\/Gemini_Generated_Image_2ql2w92ql2w92ql2-e1772325154859-100x100.png",100,100,true]},"uagb_author_info":{"display_name":"Adnane ELABDELLAOUY","author_link":"https:\/\/nouhass.com\/ar\/author\/"},"uagb_comment_info":0,"uagb_excerpt":"Lampe murale OAK, lampe marocaine artisanale fabriqu\u00e9e \u00e0 la main \u00e0 F\u00e8s, Maroc.","_links":{"self":[{"href":"https:\/\/nouhass.com\/ar\/wp-json\/wp\/v2\/product\/2538"}],"collection":[{"href":"https:\/\/nouhass.com\/ar\/wp-json\/wp\/v2\/product"}],"about":[{"href":"https:\/\/nouhass.com\/ar\/wp-json\/wp\/v2\/types\/product"}],"replies":[{"embeddable":true,"href":"https:\/\/nouhass.com\/ar\/wp-json\/wp\/v2\/comments?post=2538"}],"wp:featuredmedia":[{"embeddable":true,"href":"https:\/\/nouhass.com\/ar\/wp-json\/wp\/v2\/media\/2567"}],"wp:attachment":[{"href":"https:\/\/nouhass.com\/ar\/wp-json\/wp\/v2\/media?parent=2538"}],"wp:term":[{"taxonomy":"product_brand","embeddable":true,"href":"https:\/\/nouhass.com\/ar\/wp-json\/wp\/v2\/product_brand?post=2538"},{"taxonomy":"product_cat","embeddable":true,"href":"https:\/\/nouhass.com\/ar\/wp-json\/wp\/v2\/product_cat?post=2538"},{"taxonomy":"product_tag","embeddable":true,"href":"https:\/\/nouhass.com\/ar\/wp-json\/wp\/v2\/product_tag?post=2538"}],"curies":[{"name":"wp","href":"https:\/\/api.w.org\/{rel}","templated":true}]}}