{"id":2534,"date":"2026-01-13T16:05:03","date_gmt":"2026-01-13T15:05:03","guid":{"rendered":"https:\/\/nouhass.com\/?post_type=product&#038;p=2534"},"modified":"2026-03-01T00:58:23","modified_gmt":"2026-03-01T00:58:23","slug":"lampe-murale-boule","status":"publish","type":"product","link":"https:\/\/nouhass.com\/ar\/product\/lampe-murale-boule\/","title":{"rendered":"lampe murale BOULE"},"content":{"rendered":"<p data-start=\"605\" data-end=\"871\">La lampe murale <strong data-start=\"621\" data-end=\"630\">BOULE<\/strong> s\u00e9duit par l\u2019\u00e9quilibre parfait de sa forme et la finesse de son travail artisanal.<br data-start=\"713\" data-end=\"716\" \/>Enti\u00e8rement fa\u00e7onn\u00e9e \u00e0 la main \u00e0 <strong data-start=\"749\" data-end=\"756\">F\u00e8s<\/strong>, elle r\u00e9v\u00e8le un m\u00e9tal d\u00e9licatement cisel\u00e9, transform\u00e9 en une sph\u00e8re lumineuse \u00e0 la pr\u00e9sence douce et enveloppante.<\/p>\n<p data-start=\"873\" data-end=\"1166\">Allum\u00e9e, <strong data-start=\"882\" data-end=\"891\">BOULE<\/strong> diffuse une lumi\u00e8re chaleureuse et r\u00e9guli\u00e8re, projetant des ombres subtiles qui habillent l\u2019espace sans l\u2019alourdir.<br data-start=\"1007\" data-end=\"1010\" \/>Son design intemporel en fait une pi\u00e8ce \u00e9l\u00e9gante, capable de s\u2019int\u00e9grer naturellement dans des int\u00e9rieurs contemporains, boh\u00e8mes ou d\u2019inspiration orientale.<\/p>\n<p data-start=\"1168\" data-end=\"1268\">Une lampe \u00e0 la fois discr\u00e8te et pr\u00e9cieuse, pens\u00e9e pour cr\u00e9er une atmosph\u00e8re sereine et sophistiqu\u00e9e<\/p>","protected":false},"excerpt":{"rendered":"<p><strong data-start=\"218\" data-end=\"240\">Lampe murale BOULE<\/strong>, lampe marocaine artisanale fabriqu\u00e9e \u00e0 la main \u00e0 <strong data-start=\"291\" data-end=\"305\">F\u00e8s, Maroc<\/strong>.<\/p>","protected":false},"featured_media":2569,"comment_status":"open","ping_status":"closed","template":"","meta":{"_uag_custom_page_level_css":"","site-sidebar-layout":"default","site-content-layout":"","ast-site-content-layout":"default","site-content-style":"default","site-sidebar-style":"default","ast-global-header-display":"","ast-banner-title-visibility":"","ast-main-header-display":"","ast-hfb-above-header-display":"","ast-hfb-below-header-display":"","ast-hfb-mobile-header-display":"","site-post-title":"","ast-breadcrumbs-content":"","ast-featured-img":"","footer-sml-layout":"","theme-transparent-header-meta":"default","adv-header-id-meta":"","stick-header-meta":"","header-above-stick-meta":"","header-main-stick-meta":"","header-below-stick-meta":"","astra-migrate-meta-layouts":"set","ast-page-background-enabled":"default","ast-page-background-meta":{"desktop":{"background-color":"var(--ast-global-color-4)","background-image":"","background-repeat":"repeat","background-position":"center center","background-size":"auto","background-attachment":"scroll","background-type":"","background-media":"","overlay-type":"","overlay-color":"","overlay-opacity":"","overlay-gradient":""},"tablet":{"background-color":"","background-image":"","background-repeat":"repeat","background-position":"center center","background-size":"auto","background-attachment":"scroll","background-type":"","background-media":"","overlay-type":"","overlay-color":"","overlay-opacity":"","overlay-gradient":""},"mobile":{"background-color":"","background-image":"","background-repeat":"repeat","background-position":"center center","background-size":"auto","background-attachment":"scroll","background-type":"","background-media":"","overlay-type":"","overlay-color":"","overlay-opacity":"","overlay-gradient":""}},"ast-content-background-meta":{"desktop":{"background-color":"var(--ast-global-color-5)","background-image":"","background-repeat":"repeat","background-position":"center center","background-size":"auto","background-attachment":"scroll","background-type":"","background-media":"","overlay-type":"","overlay-color":"","overlay-opacity":"","overlay-gradient":""},"tablet":{"background-color":"var(--ast-global-color-5)","background-image":"","background-repeat":"repeat","background-position":"center center","background-size":"auto","background-attachment":"scroll","background-type":"","background-media":"","overlay-type":"","overlay-color":"","overlay-opacity":"","overlay-gradient":""},"mobile":{"background-color":"var(--ast-global-color-5)","background-image":"","background-repeat":"repeat","background-position":"center center","background-size":"auto","background-attachment":"scroll","background-type":"","background-media":"","overlay-type":"","overlay-color":"","overlay-opacity":"","overlay-gradient":""}}},"product_brand":[],"product_cat":[27,28],"product_tag":[],"class_list":{"0":"post-2534","1":"product","2":"type-product","3":"status-publish","4":"has-post-thumbnail","6":"product_cat-cuivre","7":"product_cat-lampe","8":"desktop-align-left","9":"tablet-align-left","10":"mobile-align-left","12":"first","13":"instock","14":"taxable","15":"shipping-taxable","16":"purchasable","17":"product-type-simple"},"uagb_featured_image_src":{"full":["https:\/\/nouhass.com\/wp-content\/uploads\/2026\/01\/Gemini_Generated_Image_aua7jbaua7jbaua7-e1772326448916.png",1792,1792,false],"thumbnail":["https:\/\/nouhass.com\/wp-content\/uploads\/2026\/01\/Gemini_Generated_Image_aua7jbaua7jbaua7-e1772326448916-150x150.png",150,150,true],"medium":["https:\/\/nouhass.com\/wp-content\/uploads\/2026\/01\/Gemini_Generated_Image_aua7jbaua7jbaua7-e1772326448916-300x300.png",300,300,true],"medium_large":["https:\/\/nouhass.com\/wp-content\/uploads\/2026\/01\/Gemini_Generated_Image_aua7jbaua7jbaua7-e1772326448916-768x768.png",768,768,true],"large":["https:\/\/nouhass.com\/wp-content\/uploads\/2026\/01\/Gemini_Generated_Image_aua7jbaua7jbaua7-e1772326448916-1024x1024.png",1024,1024,true],"1536x1536":["https:\/\/nouhass.com\/wp-content\/uploads\/2026\/01\/Gemini_Generated_Image_aua7jbaua7jbaua7-e1772326448916-1536x1536.png",1536,1536,true],"2048x2048":["https:\/\/nouhass.com\/wp-content\/uploads\/2026\/01\/Gemini_Generated_Image_aua7jbaua7jbaua7-1529x2048.png",1529,2048,true],"trp-custom-language-flag":["https:\/\/nouhass.com\/wp-content\/uploads\/2026\/01\/Gemini_Generated_Image_aua7jbaua7jbaua7-e1772326448916-12x12.png",12,12,true],"woocommerce_thumbnail":["https:\/\/nouhass.com\/wp-content\/uploads\/2026\/01\/Gemini_Generated_Image_aua7jbaua7jbaua7-e1772326448916-300x300.png",300,300,true],"woocommerce_single":["https:\/\/nouhass.com\/wp-content\/uploads\/2026\/01\/Gemini_Generated_Image_aua7jbaua7jbaua7-e1772326448916-600x600.png",600,600,true],"woocommerce_gallery_thumbnail":["https:\/\/nouhass.com\/wp-content\/uploads\/2026\/01\/Gemini_Generated_Image_aua7jbaua7jbaua7-e1772326448916-100x100.png",100,100,true]},"uagb_author_info":{"display_name":"Adnane ELABDELLAOUY","author_link":"https:\/\/nouhass.com\/ar\/author\/"},"uagb_comment_info":0,"uagb_excerpt":"Lampe murale BOULE, lampe marocaine artisanale fabriqu\u00e9e \u00e0 la main \u00e0 F\u00e8s, Maroc.","_links":{"self":[{"href":"https:\/\/nouhass.com\/ar\/wp-json\/wp\/v2\/product\/2534"}],"collection":[{"href":"https:\/\/nouhass.com\/ar\/wp-json\/wp\/v2\/product"}],"about":[{"href":"https:\/\/nouhass.com\/ar\/wp-json\/wp\/v2\/types\/product"}],"replies":[{"embeddable":true,"href":"https:\/\/nouhass.com\/ar\/wp-json\/wp\/v2\/comments?post=2534"}],"wp:featuredmedia":[{"embeddable":true,"href":"https:\/\/nouhass.com\/ar\/wp-json\/wp\/v2\/media\/2569"}],"wp:attachment":[{"href":"https:\/\/nouhass.com\/ar\/wp-json\/wp\/v2\/media?parent=2534"}],"wp:term":[{"taxonomy":"product_brand","embeddable":true,"href":"https:\/\/nouhass.com\/ar\/wp-json\/wp\/v2\/product_brand?post=2534"},{"taxonomy":"product_cat","embeddable":true,"href":"https:\/\/nouhass.com\/ar\/wp-json\/wp\/v2\/product_cat?post=2534"},{"taxonomy":"product_tag","embeddable":true,"href":"https:\/\/nouhass.com\/ar\/wp-json\/wp\/v2\/product_tag?post=2534"}],"curies":[{"name":"wp","href":"https:\/\/api.w.org\/{rel}","templated":true}]}}