{"id":2525,"date":"2026-01-13T15:42:12","date_gmt":"2026-01-13T14:42:12","guid":{"rendered":"https:\/\/nouhass.com\/?post_type=product&#038;p=2525"},"modified":"2026-03-01T01:12:35","modified_gmt":"2026-03-01T01:12:35","slug":"lampe-murale-flamme","status":"publish","type":"product","link":"https:\/\/nouhass.com\/ar\/product\/lampe-murale-flamme\/","title":{"rendered":"Lampe Murale FLAMME"},"content":{"rendered":"<p data-start=\"617\" data-end=\"840\">La lampe murale <strong data-start=\"633\" data-end=\"643\">FLAMME<\/strong> est une c\u00e9l\u00e9bration de la lumi\u00e8re vivante.<br data-start=\"686\" data-end=\"689\" \/>Fa\u00e7onn\u00e9e \u00e0 la main dans les ateliers traditionnels de <strong data-start=\"743\" data-end=\"750\">F\u00e8s<\/strong>, elle se distingue par sa silhouette \u00e9lanc\u00e9e, inspir\u00e9e du mouvement naturel de la flamme.<\/p>\n<p data-start=\"842\" data-end=\"1140\">Son m\u00e9tal d\u00e9licatement cisel\u00e9 laisse filtrer une <strong data-start=\"891\" data-end=\"920\">lumi\u00e8re dor\u00e9e et vibrante<\/strong>, projetant des ombres profondes et raffin\u00e9es qui transforment l\u2019espace en une atmosph\u00e8re chaleureuse et intime.<br data-start=\"1032\" data-end=\"1035\" \/>Chaque d\u00e9tail, chaque ajourage, t\u00e9moigne d\u2019un savoir-faire ancestral o\u00f9 le geste prime sur la r\u00e9p\u00e9tition.<\/p>\n<p data-start=\"1142\" data-end=\"1266\"><strong data-start=\"1142\" data-end=\"1152\">FLAMME<\/strong> est une pi\u00e8ce forte, sculpturale, pens\u00e9e pour les int\u00e9rieurs en qu\u00eate de caract\u00e8re, de chaleur et d\u2019authenticit\u00e9.<\/p>","protected":false},"excerpt":{"rendered":"<p><strong data-start=\"211\" data-end=\"234\">Lampe murale FLAMME<\/strong>, lampe marocaine artisanale fabriqu\u00e9e \u00e0 la main \u00e0 <strong data-start=\"285\" data-end=\"299\">F\u00e8s, Maroc<\/strong>.<\/p>","protected":false},"featured_media":2571,"comment_status":"open","ping_status":"closed","template":"","meta":{"_uag_custom_page_level_css":"","site-sidebar-layout":"default","site-content-layout":"","ast-site-content-layout":"default","site-content-style":"default","site-sidebar-style":"default","ast-global-header-display":"","ast-banner-title-visibility":"","ast-main-header-display":"","ast-hfb-above-header-display":"","ast-hfb-below-header-display":"","ast-hfb-mobile-header-display":"","site-post-title":"","ast-breadcrumbs-content":"","ast-featured-img":"","footer-sml-layout":"","theme-transparent-header-meta":"default","adv-header-id-meta":"","stick-header-meta":"","header-above-stick-meta":"","header-main-stick-meta":"","header-below-stick-meta":"","astra-migrate-meta-layouts":"set","ast-page-background-enabled":"default","ast-page-background-meta":{"desktop":{"background-color":"var(--ast-global-color-4)","background-image":"","background-repeat":"repeat","background-position":"center center","background-size":"auto","background-attachment":"scroll","background-type":"","background-media":"","overlay-type":"","overlay-color":"","overlay-opacity":"","overlay-gradient":""},"tablet":{"background-color":"","background-image":"","background-repeat":"repeat","background-position":"center center","background-size":"auto","background-attachment":"scroll","background-type":"","background-media":"","overlay-type":"","overlay-color":"","overlay-opacity":"","overlay-gradient":""},"mobile":{"background-color":"","background-image":"","background-repeat":"repeat","background-position":"center center","background-size":"auto","background-attachment":"scroll","background-type":"","background-media":"","overlay-type":"","overlay-color":"","overlay-opacity":"","overlay-gradient":""}},"ast-content-background-meta":{"desktop":{"background-color":"var(--ast-global-color-5)","background-image":"","background-repeat":"repeat","background-position":"center center","background-size":"auto","background-attachment":"scroll","background-type":"","background-media":"","overlay-type":"","overlay-color":"","overlay-opacity":"","overlay-gradient":""},"tablet":{"background-color":"var(--ast-global-color-5)","background-image":"","background-repeat":"repeat","background-position":"center center","background-size":"auto","background-attachment":"scroll","background-type":"","background-media":"","overlay-type":"","overlay-color":"","overlay-opacity":"","overlay-gradient":""},"mobile":{"background-color":"var(--ast-global-color-5)","background-image":"","background-repeat":"repeat","background-position":"center center","background-size":"auto","background-attachment":"scroll","background-type":"","background-media":"","overlay-type":"","overlay-color":"","overlay-opacity":"","overlay-gradient":""}}},"product_brand":[],"product_cat":[27,28],"product_tag":[],"class_list":{"0":"post-2525","1":"product","2":"type-product","3":"status-publish","4":"has-post-thumbnail","6":"product_cat-cuivre","7":"product_cat-lampe","8":"desktop-align-left","9":"tablet-align-left","10":"mobile-align-left","12":"first","13":"outofstock","14":"sale","15":"taxable","16":"shipping-taxable","17":"purchasable","18":"product-type-simple"},"uagb_featured_image_src":{"full":["https:\/\/nouhass.com\/wp-content\/uploads\/2026\/01\/Gemini_Generated_Image_x571z3x571z3x571-e1772327357966.png",1792,1984,false],"thumbnail":["https:\/\/nouhass.com\/wp-content\/uploads\/2026\/01\/Gemini_Generated_Image_x571z3x571z3x571-e1772327357966-150x150.png",150,150,true],"medium":["https:\/\/nouhass.com\/wp-content\/uploads\/2026\/01\/Gemini_Generated_Image_x571z3x571z3x571-e1772327357966-271x300.png",271,300,true],"medium_large":["https:\/\/nouhass.com\/wp-content\/uploads\/2026\/01\/Gemini_Generated_Image_x571z3x571z3x571-e1772327357966-768x850.png",768,850,true],"large":["https:\/\/nouhass.com\/wp-content\/uploads\/2026\/01\/Gemini_Generated_Image_x571z3x571z3x571-e1772327357966-925x1024.png",925,1024,true],"1536x1536":["https:\/\/nouhass.com\/wp-content\/uploads\/2026\/01\/Gemini_Generated_Image_x571z3x571z3x571-e1772327357966-1387x1536.png",1387,1536,true],"2048x2048":["https:\/\/nouhass.com\/wp-content\/uploads\/2026\/01\/Gemini_Generated_Image_x571z3x571z3x571-1529x2048.png",1529,2048,true],"trp-custom-language-flag":["https:\/\/nouhass.com\/wp-content\/uploads\/2026\/01\/Gemini_Generated_Image_x571z3x571z3x571-e1772327357966-11x12.png",11,12,true],"woocommerce_thumbnail":["https:\/\/nouhass.com\/wp-content\/uploads\/2026\/01\/Gemini_Generated_Image_x571z3x571z3x571-e1772327357966-300x300.png",300,300,true],"woocommerce_single":["https:\/\/nouhass.com\/wp-content\/uploads\/2026\/01\/Gemini_Generated_Image_x571z3x571z3x571-e1772327357966-600x664.png",600,664,true],"woocommerce_gallery_thumbnail":["https:\/\/nouhass.com\/wp-content\/uploads\/2026\/01\/Gemini_Generated_Image_x571z3x571z3x571-e1772327357966-100x100.png",100,100,true]},"uagb_author_info":{"display_name":"Adnane ELABDELLAOUY","author_link":"https:\/\/nouhass.com\/ar\/author\/"},"uagb_comment_info":0,"uagb_excerpt":"Lampe murale FLAMME, lampe marocaine artisanale fabriqu\u00e9e \u00e0 la main \u00e0 F\u00e8s, Maroc.","_links":{"self":[{"href":"https:\/\/nouhass.com\/ar\/wp-json\/wp\/v2\/product\/2525"}],"collection":[{"href":"https:\/\/nouhass.com\/ar\/wp-json\/wp\/v2\/product"}],"about":[{"href":"https:\/\/nouhass.com\/ar\/wp-json\/wp\/v2\/types\/product"}],"replies":[{"embeddable":true,"href":"https:\/\/nouhass.com\/ar\/wp-json\/wp\/v2\/comments?post=2525"}],"wp:featuredmedia":[{"embeddable":true,"href":"https:\/\/nouhass.com\/ar\/wp-json\/wp\/v2\/media\/2571"}],"wp:attachment":[{"href":"https:\/\/nouhass.com\/ar\/wp-json\/wp\/v2\/media?parent=2525"}],"wp:term":[{"taxonomy":"product_brand","embeddable":true,"href":"https:\/\/nouhass.com\/ar\/wp-json\/wp\/v2\/product_brand?post=2525"},{"taxonomy":"product_cat","embeddable":true,"href":"https:\/\/nouhass.com\/ar\/wp-json\/wp\/v2\/product_cat?post=2525"},{"taxonomy":"product_tag","embeddable":true,"href":"https:\/\/nouhass.com\/ar\/wp-json\/wp\/v2\/product_tag?post=2525"}],"curies":[{"name":"wp","href":"https:\/\/api.w.org\/{rel}","templated":true}]}}