{"id":2520,"date":"2026-01-10T15:28:52","date_gmt":"2026-01-10T14:28:52","guid":{"rendered":"https:\/\/nouhass.com\/?post_type=product&#038;p=2520"},"modified":"2026-03-01T01:23:11","modified_gmt":"2026-03-01T01:23:11","slug":"epi","status":"publish","type":"product","link":"https:\/\/nouhass.com\/ar\/product\/epi\/","title":{"rendered":"Lampe Murale EPI"},"content":{"rendered":"<p data-start=\"861\" data-end=\"1053\">Fabrication artisanale \u00e0 F\u00e8s, Maroc<br data-start=\"903\" data-end=\"906\" \/>Design inspir\u00e9 de l\u2019\u00e9pi de bl\u00e9, symbole de g\u00e9n\u00e9rosit\u00e9<br data-start=\"966\" data-end=\"969\" \/>Chaque pi\u00e8ce est unique<br data-start=\"999\" data-end=\"1002\" \/>Lumi\u00e8re chaleureuse et ambiance enveloppante<\/p>","protected":false},"excerpt":{"rendered":"<h3 data-start=\"131\" data-end=\"184\"><strong data-start=\"150\" data-end=\"157\">EPI<\/strong> \u2013 L\u2019\u00c9clat Artisanal de F\u00e8s<\/h3>","protected":false},"featured_media":2575,"comment_status":"open","ping_status":"closed","template":"","meta":{"_uag_custom_page_level_css":"","site-sidebar-layout":"default","site-content-layout":"","ast-site-content-layout":"default","site-content-style":"default","site-sidebar-style":"default","ast-global-header-display":"","ast-banner-title-visibility":"","ast-main-header-display":"","ast-hfb-above-header-display":"","ast-hfb-below-header-display":"","ast-hfb-mobile-header-display":"","site-post-title":"","ast-breadcrumbs-content":"","ast-featured-img":"","footer-sml-layout":"","theme-transparent-header-meta":"default","adv-header-id-meta":"","stick-header-meta":"","header-above-stick-meta":"","header-main-stick-meta":"","header-below-stick-meta":"","astra-migrate-meta-layouts":"set","ast-page-background-enabled":"default","ast-page-background-meta":{"desktop":{"background-color":"var(--ast-global-color-4)","background-image":"","background-repeat":"repeat","background-position":"center center","background-size":"auto","background-attachment":"scroll","background-type":"","background-media":"","overlay-type":"","overlay-color":"","overlay-opacity":"","overlay-gradient":""},"tablet":{"background-color":"","background-image":"","background-repeat":"repeat","background-position":"center center","background-size":"auto","background-attachment":"scroll","background-type":"","background-media":"","overlay-type":"","overlay-color":"","overlay-opacity":"","overlay-gradient":""},"mobile":{"background-color":"","background-image":"","background-repeat":"repeat","background-position":"center center","background-size":"auto","background-attachment":"scroll","background-type":"","background-media":"","overlay-type":"","overlay-color":"","overlay-opacity":"","overlay-gradient":""}},"ast-content-background-meta":{"desktop":{"background-color":"var(--ast-global-color-5)","background-image":"","background-repeat":"repeat","background-position":"center center","background-size":"auto","background-attachment":"scroll","background-type":"","background-media":"","overlay-type":"","overlay-color":"","overlay-opacity":"","overlay-gradient":""},"tablet":{"background-color":"var(--ast-global-color-5)","background-image":"","background-repeat":"repeat","background-position":"center center","background-size":"auto","background-attachment":"scroll","background-type":"","background-media":"","overlay-type":"","overlay-color":"","overlay-opacity":"","overlay-gradient":""},"mobile":{"background-color":"var(--ast-global-color-5)","background-image":"","background-repeat":"repeat","background-position":"center center","background-size":"auto","background-attachment":"scroll","background-type":"","background-media":"","overlay-type":"","overlay-color":"","overlay-opacity":"","overlay-gradient":""}}},"product_brand":[],"product_cat":[27,28],"product_tag":[],"class_list":{"0":"post-2520","1":"product","2":"type-product","3":"status-publish","4":"has-post-thumbnail","6":"product_cat-cuivre","7":"product_cat-lampe","8":"desktop-align-left","9":"tablet-align-left","10":"mobile-align-left","12":"first","13":"instock","14":"taxable","15":"shipping-taxable","16":"purchasable","17":"product-type-simple"},"uagb_featured_image_src":{"full":["https:\/\/nouhass.com\/wp-content\/uploads\/2026\/01\/Gemini_Generated_Image_lpttyrlpttyrlptt-e1772328059136.png",1792,1792,false],"thumbnail":["https:\/\/nouhass.com\/wp-content\/uploads\/2026\/01\/Gemini_Generated_Image_lpttyrlpttyrlptt-e1772328059136-150x150.png",150,150,true],"medium":["https:\/\/nouhass.com\/wp-content\/uploads\/2026\/01\/Gemini_Generated_Image_lpttyrlpttyrlptt-e1772328059136-300x300.png",300,300,true],"medium_large":["https:\/\/nouhass.com\/wp-content\/uploads\/2026\/01\/Gemini_Generated_Image_lpttyrlpttyrlptt-e1772328059136-768x768.png",768,768,true],"large":["https:\/\/nouhass.com\/wp-content\/uploads\/2026\/01\/Gemini_Generated_Image_lpttyrlpttyrlptt-e1772328059136-1024x1024.png",1024,1024,true],"1536x1536":["https:\/\/nouhass.com\/wp-content\/uploads\/2026\/01\/Gemini_Generated_Image_lpttyrlpttyrlptt-e1772328059136-1536x1536.png",1536,1536,true],"2048x2048":["https:\/\/nouhass.com\/wp-content\/uploads\/2026\/01\/Gemini_Generated_Image_lpttyrlpttyrlptt-1529x2048.png",1529,2048,true],"trp-custom-language-flag":["https:\/\/nouhass.com\/wp-content\/uploads\/2026\/01\/Gemini_Generated_Image_lpttyrlpttyrlptt-e1772328059136-12x12.png",12,12,true],"woocommerce_thumbnail":["https:\/\/nouhass.com\/wp-content\/uploads\/2026\/01\/Gemini_Generated_Image_lpttyrlpttyrlptt-e1772328059136-300x300.png",300,300,true],"woocommerce_single":["https:\/\/nouhass.com\/wp-content\/uploads\/2026\/01\/Gemini_Generated_Image_lpttyrlpttyrlptt-e1772328059136-600x600.png",600,600,true],"woocommerce_gallery_thumbnail":["https:\/\/nouhass.com\/wp-content\/uploads\/2026\/01\/Gemini_Generated_Image_lpttyrlpttyrlptt-e1772328059136-100x100.png",100,100,true]},"uagb_author_info":{"display_name":"Adnane ELABDELLAOUY","author_link":"https:\/\/nouhass.com\/ar\/author\/"},"uagb_comment_info":0,"uagb_excerpt":"EPI \u2013 L\u2019\u00c9clat Artisanal de F\u00e8s","_links":{"self":[{"href":"https:\/\/nouhass.com\/ar\/wp-json\/wp\/v2\/product\/2520"}],"collection":[{"href":"https:\/\/nouhass.com\/ar\/wp-json\/wp\/v2\/product"}],"about":[{"href":"https:\/\/nouhass.com\/ar\/wp-json\/wp\/v2\/types\/product"}],"replies":[{"embeddable":true,"href":"https:\/\/nouhass.com\/ar\/wp-json\/wp\/v2\/comments?post=2520"}],"wp:featuredmedia":[{"embeddable":true,"href":"https:\/\/nouhass.com\/ar\/wp-json\/wp\/v2\/media\/2575"}],"wp:attachment":[{"href":"https:\/\/nouhass.com\/ar\/wp-json\/wp\/v2\/media?parent=2520"}],"wp:term":[{"taxonomy":"product_brand","embeddable":true,"href":"https:\/\/nouhass.com\/ar\/wp-json\/wp\/v2\/product_brand?post=2520"},{"taxonomy":"product_cat","embeddable":true,"href":"https:\/\/nouhass.com\/ar\/wp-json\/wp\/v2\/product_cat?post=2520"},{"taxonomy":"product_tag","embeddable":true,"href":"https:\/\/nouhass.com\/ar\/wp-json\/wp\/v2\/product_tag?post=2520"}],"curies":[{"name":"wp","href":"https:\/\/api.w.org\/{rel}","templated":true}]}}